{"id":31,"date":"2021-02-04T10:47:08","date_gmt":"2021-02-04T09:47:08","guid":{"rendered":"http:\/\/projects.dimes.unical.it\/spine-bok\/?page_id=31"},"modified":"2021-02-14T16:01:57","modified_gmt":"2021-02-14T15:01:57","slug":"events","status":"publish","type":"page","link":"https:\/\/projects.dimes.unical.it\/spine-bok\/events\/","title":{"rendered":"Events"},"content":{"rendered":"<ul class=\"wp-block-latest-posts__list has-dates wp-block-latest-posts\"><li><a href=\"https:\/\/projects.dimes.unical.it\/spine-bok\/2022\/01\/18\/focus-session-on-situation-aware-iot-edge-and-wearable-computing-systems\/\">FOCUS SESSION on Situation Aware IoT, Edge, and Wearable Computing Systems<\/a><time datetime=\"2022-01-18T15:44:30+01:00\" class=\"wp-block-latest-posts__post-date\">18 January 2022<\/time><div class=\"wp-block-latest-posts__post-excerpt\">FOCUS SESSION on Situation Aware IoT, Edge, and Wearable Computing Systemshttps:\/\/edas.info\/web\/cogsima2022\/focus-session.html#FS1\u00a012th IEEE Conference on Cognitive and Computational Aspects of Situation Management (CogSIMA 2022) ABSTRACTSituation Awareness (SA) has theoretical backgrounds in &#8230;<\/div><\/li>\n<li><a href=\"https:\/\/projects.dimes.unical.it\/spine-bok\/2021\/06\/01\/special-track-on-wearable-computing-systems-devices-services-and-applications-ieee-ccnc-2022\/\">Special Track on &#8220;Wearable Computing Systems: Devices, Services and Applications&#8221; &#8211; IEEE CCNC 2022<\/a><time datetime=\"2021-06-01T06:43:59+02:00\" class=\"wp-block-latest-posts__post-date\">1 June 2021<\/time><div class=\"wp-block-latest-posts__post-excerpt\">Call for Papers Track Chairs: Raffaele Gravina, University of Calabria, Italy Hassan Ghasemzadeh, Washington State University, USA&nbsp; Scope and Motivation: Computing has evolved from typical desktop, laptop and high-end servers, &#8230;<\/div><\/li>\n<li><a href=\"https:\/\/projects.dimes.unical.it\/spine-bok\/2021\/05\/13\/my-distinguished-lecture-on-the-spine-body-of-knowledge-for-the-systematic-and-full-fledged-development-of-wearable-computing-systems-based-on-body-at-new-south-wales-section-chapter-macquarie-un\/\">Prof. Fortino&#8217;s Distinguished Lecture on &#8220;The SPINE Body-of-Knowledge for the systematic and full-fledged development of wearable computing systems based on body sensor networks&#8221; at New South Wales IEEE Sensors Council Section Chapter, Macquarie University, Sydney (Australia), Co-sponsored by Prof. Subhas Mukhopadhyay!!!<\/a><time datetime=\"2021-05-13T23:06:51+02:00\" class=\"wp-block-latest-posts__post-date\">13 May 2021<\/time><div class=\"wp-block-latest-posts__post-excerpt\">https:\/\/events.vtools.ieee.org\/m\/270418<\/div><\/li>\n<li><a href=\"https:\/\/projects.dimes.unical.it\/spine-bok\/2021\/05\/04\/keynote-by-prof-fortino-ieee-cscwd-2021-towards-community-oriented-wearable-computing-systems-a-paradigm-shift-to-monitor-and-control-cooperative-groups-of-people-based-on-collectives-of-wearable\/\">Keynote by Prof. Fortino @ IEEE CSCWD 2021: Towards Community-Oriented Wearable Computing Systems: A Paradigm Shift to Monitor and Control Cooperative Groups of People based on Collectives of Wearables<\/a><time datetime=\"2021-05-04T22:06:52+02:00\" class=\"wp-block-latest-posts__post-date\">4 May 2021<\/time><div class=\"wp-block-latest-posts__post-excerpt\">http:\/\/2021.cscwd.org\/ Title: Towards Community-Oriented Wearable Computing Systems: A Paradigm Shift to Monitor and Control Cooperative Groups of People based on Collectives of Wearables Prof. Giancarlo Fortino, University of Calabria, Italy &#8230;<\/div><\/li>\n<li><a href=\"https:\/\/projects.dimes.unical.it\/spine-bok\/2021\/04\/19\/special-track-body-sensor-networks-in-the-era-of-pandemic-in-ieee-international-conference-on-wearable-and-implantable-body-sensor-networks-bsn2021-virtual-conf-july-2021\/\">Special track \u201c Body Sensor Networks in the era of pandemic\u201d in IEEE International Conference on Wearable and Implantable Body Sensor Networks (BSN2021), virtual conf, July 2021<\/a><time datetime=\"2021-04-19T11:56:24+02:00\" class=\"wp-block-latest-posts__post-date\">19 April 2021<\/time><div class=\"wp-block-latest-posts__post-excerpt\">Special Session: \u201c Body Sensor Networks in the era of pandemic \u201d Organizing Chairs: \u2022 Dr. Raffaele Gravina, University of Calabria, Italy \u2022 Dr. Massaroni, Universit\u00e0 Campus Bio-Medico di Roma, &#8230;<\/div><\/li>\n<li><a href=\"https:\/\/projects.dimes.unical.it\/spine-bok\/2021\/02\/19\/wearable-biomedical-sensors-and-systems-technical-committee-wbss-tc-in-ieee-engineering-in-medicine-and-biology-emb-society\/\">Wearable Biomedical Sensors and Systems Technical Committee (WBSS TC), in IEEE Engineering in Medicine and Biology (EMB) Society<\/a><time datetime=\"2021-02-19T11:44:37+01:00\" class=\"wp-block-latest-posts__post-date\">19 February 2021<\/time><div class=\"wp-block-latest-posts__post-excerpt\"><\/div><\/li>\n<li><a href=\"https:\/\/projects.dimes.unical.it\/spine-bok\/2021\/02\/01\/special-track-interactive-and-wearable-computing-and-devices-in-ieee-conference-human-machine-systems-ichms-2021-magdeburg-germany-sept-2021\/\">Special track \u201cInteractive and Wearable Computing and Devices\u201d in IEEE Conference Human-Machine Systems (ICHMS) 2021, Magdeburg, Germany, Sept. 2021<\/a><time datetime=\"2021-02-01T11:34:00+01:00\" class=\"wp-block-latest-posts__post-date\">1 February 2021<\/time><div class=\"wp-block-latest-posts__post-excerpt\"><\/div><\/li>\n<li><a href=\"https:\/\/projects.dimes.unical.it\/spine-bok\/2021\/02\/01\/spine-body-of-knowledge-brand-new-website-launched\/\">SPINE Body of Knowledge brand new website launched!<\/a><time datetime=\"2021-02-01T11:31:00+01:00\" class=\"wp-block-latest-posts__post-date\">1 February 2021<\/time><div class=\"wp-block-latest-posts__post-excerpt\"><\/div><\/li>\n<li><a href=\"https:\/\/projects.dimes.unical.it\/spine-bok\/2021\/01\/19\/ieee-bhi-bsn-2022-athens-greece-2022\/\">IEEE BHI-BSN 2022, Athens, Greece, 2022<\/a><time datetime=\"2021-01-19T11:34:00+01:00\" class=\"wp-block-latest-posts__post-date\">19 January 2021<\/time><div class=\"wp-block-latest-posts__post-excerpt\"><\/div><\/li>\n<li><a href=\"https:\/\/projects.dimes.unical.it\/spine-bok\/2020\/12\/09\/special-issue-on-ai-driven-informatics-sensing-imaging-and-big-data-analytics-for-fighting-the-covid-19-pandemic-ges-amini-a-chen-w-fortino-g-pan-y-wang-m-d-2020-ieee-jou\/\">Special Issue on &#8216;AI-Driven Informatics, Sensing, Imaging and Big Data Analytics for Fighting the COVID-19 Pandemic&#8217;, GEs: Amini, A., Chen, W., Fortino, G., (&#8230;), Pan, Y., Wang, M.D. 2020. IEEE Journal of Biomedical and Health Informatics, 24(10), pp. 2731-2732<\/a><time datetime=\"2020-12-09T11:36:00+01:00\" class=\"wp-block-latest-posts__post-date\">9 December 2020<\/time><div class=\"wp-block-latest-posts__post-excerpt\"><\/div><\/li>\n<li><a href=\"https:\/\/projects.dimes.unical.it\/spine-bok\/2020\/09\/10\/4th-international-conference-on-computer-human-interaction-research-and-applications-chira-5-6-november-2020-budapest-hungary\/\">4th International Conference on Computer-Human Interaction Research and Applications (CHIRA), 5-6 November, 2020, Budapest, Hungary<\/a><time datetime=\"2020-09-10T11:35:00+02:00\" class=\"wp-block-latest-posts__post-date\">10 September 2020<\/time><div class=\"wp-block-latest-posts__post-excerpt\"><\/div><\/li>\n<li><a href=\"https:\/\/projects.dimes.unical.it\/spine-bok\/2020\/02\/03\/ieee-standards-association-webinars-wearables-medical-iot-intelligence-interoperability-wamiii-program-virtual-series-2020\/\">IEEE Standards Association Webinars Wearables &amp; Medical IoT Intelligence &amp; Interoperability (WAMIII) Program Virtual Series, 2020<\/a><time datetime=\"2020-02-03T11:36:56+01:00\" class=\"wp-block-latest-posts__post-date\">3 February 2020<\/time><div class=\"wp-block-latest-posts__post-excerpt\">https:\/\/standards.ieee.org\/events\/wamiii\/virtual-talk-series-2020.html<\/div><\/li>\n<li><a href=\"https:\/\/projects.dimes.unical.it\/spine-bok\/2019\/12\/13\/42nd-annual-international-conference-of-the-ieee-engineering-in-medicine-biology-society-embc-july-20-24-2020-montreal-canada\/\">42nd Annual International Conference of the IEEE Engineering in Medicine &amp; Biology Society (EMBC), July 20-24, 2020, Montr\u00e9al, Canada<\/a><time datetime=\"2019-12-13T11:38:00+01:00\" class=\"wp-block-latest-posts__post-date\">13 December 2019<\/time><div class=\"wp-block-latest-posts__post-excerpt\"><\/div><\/li>\n<li><a href=\"https:\/\/projects.dimes.unical.it\/spine-bok\/2019\/12\/05\/ieee-bhi-bsn-2021-athens-greece-2021\/\">IEEE BHI-BSN 2021, Athens, Greece, 2021<\/a><time datetime=\"2019-12-05T11:38:00+01:00\" class=\"wp-block-latest-posts__post-date\">5 December 2019<\/time><div class=\"wp-block-latest-posts__post-excerpt\"><\/div><\/li>\n<li><a href=\"https:\/\/projects.dimes.unical.it\/spine-bok\/2019\/09\/25\/special-issue-on-next-generation-smart-body-sensor-networks-from-autonomic-body-sensors-to-cognitive-body-sensor-network-ecosystems-ges-fortino-g-li-y-yuce-m-jafari-r-2019-ieee-sensors\/\">Special Issue on Next-Generation Smart Body Sensor Networks: From Autonomic Body Sensors to Cognitive Body Sensor Network Ecosystems, GEs: Fortino, G., Li, Y., Yuce, M., Jafari, R. 2019. IEEE Sensors Journal 19(19), pp. 8370<\/a><time datetime=\"2019-09-25T11:40:00+02:00\" class=\"wp-block-latest-posts__post-date\">25 September 2019<\/time><div class=\"wp-block-latest-posts__post-excerpt\"><\/div><\/li>\n<li><a href=\"https:\/\/projects.dimes.unical.it\/spine-bok\/2019\/09\/07\/ieee-conference-human-machine-systems-ichms-2020-rome-italy-apr-2020\/\">IEEE Conference Human-Machine Systems (ICHMS) 2020, Rome, Italy, Apr. 2020<\/a><time datetime=\"2019-09-07T11:41:00+02:00\" class=\"wp-block-latest-posts__post-date\">7 September 2019<\/time><div class=\"wp-block-latest-posts__post-excerpt\"><\/div><\/li>\n<li><a href=\"https:\/\/projects.dimes.unical.it\/spine-bok\/2019\/06\/23\/10th-ieee-international-conference-on-cognitive-infocommunications-23-25-oct-2019-naples-italy\/\">10th IEEE International Conference on Cognitive Infocommunications, 23-25 Oct 2019, Naples, Italy<\/a><time datetime=\"2019-06-23T11:39:00+02:00\" class=\"wp-block-latest-posts__post-date\">23 June 2019<\/time><div class=\"wp-block-latest-posts__post-excerpt\"><\/div><\/li>\n<li><a href=\"https:\/\/projects.dimes.unical.it\/spine-bok\/2019\/06\/11\/ieee-acm-international-conference-on-connected-health-applications-systems-and-engineering-technologies-chase-2020-washington-dc\/\">IEEE\/ACM international conference on Connected Health: Applications, Systems and Engineering Technologies (CHASE) 2020, Washington DC<\/a><time datetime=\"2019-06-11T11:42:00+02:00\" class=\"wp-block-latest-posts__post-date\">11 June 2019<\/time><div class=\"wp-block-latest-posts__post-excerpt\"><\/div><\/li>\n<li><a href=\"https:\/\/projects.dimes.unical.it\/spine-bok\/2019\/02\/27\/special-issue-on-advances-in-multi-sensor-fusion-for-body-sensor-networks-algorithms-architectures-and-applications-ges-fortino-g-ghasemzadeh-h-gravina-r-poon-c-c-y-wang-z-20\/\">Special Issue on Advances in multi-sensor fusion for body sensor networks: Algorithms, architectures, and applications, GEs: Fortino, G., Ghasemzadeh, H., Gravina, R., (&#8230;), Poon, C.C.Y., Wang, Z. 2019. Information Fusion, 45, pp. 150-152<\/a><time datetime=\"2019-02-27T11:47:00+01:00\" class=\"wp-block-latest-posts__post-date\">27 February 2019<\/time><div class=\"wp-block-latest-posts__post-excerpt\"><\/div><\/li>\n<li><a href=\"https:\/\/projects.dimes.unical.it\/spine-bok\/2018\/12\/29\/special-issue-ieee-access-special-section-editorial-wireless-body-area-networks-ges-hamalainen-m-anzai-d-fortino-g-mucchi-l-pomalaza-raez-c-2020-ieee-access-8\/\">Special Issue IEEE Access Special Section Editorial: Wireless Body Area Networks, GEs: Hamalainen, M., Anzai, D., Fortino, G., (&#8230;), Mucchi, L., Pomalaza-Raez, C. 2020. IEEE Access 8<\/a><time datetime=\"2018-12-29T11:45:00+01:00\" class=\"wp-block-latest-posts__post-date\">29 December 2018<\/time><div class=\"wp-block-latest-posts__post-excerpt\"><\/div><\/li>\n<li><a href=\"https:\/\/projects.dimes.unical.it\/spine-bok\/2018\/12\/21\/special-issue-on-wireless-body-area-networks-based-on-bodynets-2018-conference-ges-hamalainen-m-anzai-d-fortino-g-mucchi-l-pomalaza-raez-c-2020-international-journal-of-wirele\/\">Special Issue on Wireless Body Area Networks: Based on Bodynets 2018 Conference, GEs: H\u00e4m\u00e4l\u00e4inen, M., Anzai, D., Fortino, G., (&#8230;), Mucchi, L., Pomalaza-Raez, C. 2020. International Journal of Wireless Information Networks<\/a><time datetime=\"2018-12-21T11:44:00+01:00\" class=\"wp-block-latest-posts__post-date\">21 December 2018<\/time><div class=\"wp-block-latest-posts__post-excerpt\"><\/div><\/li>\n<li><a href=\"https:\/\/projects.dimes.unical.it\/spine-bok\/2018\/06\/19\/foundation-of-ieee-sig-on-big-data-for-healthcare-medicine-and-biology-in-ieee-communications-society\/\">Foundation of IEEE SIG on Big Data for Healthcare, Medicine and Biology, in IEEE Communications Society<\/a><time datetime=\"2018-06-19T11:46:00+02:00\" class=\"wp-block-latest-posts__post-date\">19 June 2018<\/time><div class=\"wp-block-latest-posts__post-excerpt\"><\/div><\/li>\n<li><a href=\"https:\/\/projects.dimes.unical.it\/spine-bok\/2018\/03\/05\/special-issue-on-ieee-access-special-section-editorial-body-area-networks-ges-matekovits-l-fortino-g-wang-z-peter-i-hamalainen-m-2018-ieee-access-6-pp-30990-30995\/\">Special Issue on IEEE Access Special Section Editorial: Body Area Networks, GEs: Matekovits, L., Fortino, G., Wang, Z., (&#8230;), Peter, I., H\u00e4m\u00e4l\u00e4inen, M. 2018. IEEE Access, 6, pp. 30990-30995<\/a><time datetime=\"2018-03-05T11:55:00+01:00\" class=\"wp-block-latest-posts__post-date\">5 March 2018<\/time><div class=\"wp-block-latest-posts__post-excerpt\"><\/div><\/li>\n<li><a href=\"https:\/\/projects.dimes.unical.it\/spine-bok\/2018\/02\/06\/3rd-edition-of-special-session-on-interactive-and-wearable-computing-and-devices-jointly-held-with-ieee-smc-2018-japan-2018\/\">3rd edition of Special Session on \u201cInteractive and Wearable Computing and Devices\u201d jointly held with IEEE SMC 2018, Japan, 2018<\/a><time datetime=\"2018-02-06T11:46:00+01:00\" class=\"wp-block-latest-posts__post-date\">6 February 2018<\/time><div class=\"wp-block-latest-posts__post-excerpt\"><\/div><\/li>\n<li><a href=\"https:\/\/projects.dimes.unical.it\/spine-bok\/2017\/02\/20\/eai-bodynets-2018-oulu-finland-2-3-oct-2018\/\">EAI BodyNets 2018, Oulu (Finland), 2-3 Oct. 2018<\/a><time datetime=\"2017-02-20T11:58:00+01:00\" class=\"wp-block-latest-posts__post-date\">20 February 2017<\/time><div class=\"wp-block-latest-posts__post-excerpt\"><\/div><\/li>\n<li><a href=\"https:\/\/projects.dimes.unical.it\/spine-bok\/2017\/02\/13\/2nd-international-workshop-iwcd-interactive-and-wearable-computing-and-devices-2017-ieee-icnsc-2017-calabria-italy\/\">2nd International Workshop IWCD (Interactive and Wearable Computing and Devices) 2017 @ IEEE ICNSC 2017, Calabria, Italy<\/a><time datetime=\"2017-02-13T11:57:00+01:00\" class=\"wp-block-latest-posts__post-date\">13 February 2017<\/time><div class=\"wp-block-latest-posts__post-excerpt\"><\/div><\/li>\n<li><a href=\"https:\/\/projects.dimes.unical.it\/spine-bok\/2016\/11\/07\/2nd-edition-of-special-session-on-interactive-and-wearable-computing-and-devices-jointly-held-with-ieee-smc-2017-banff-canada-2017\/\">2nd edition of Special Session on \u201cInteractive and Wearable Computing and Devices\u201d jointly held with IEEE SMC 2017, Banff (Canada), 2017.<\/a><time datetime=\"2016-11-07T11:10:00+01:00\" class=\"wp-block-latest-posts__post-date\">7 November 2016<\/time><div class=\"wp-block-latest-posts__post-excerpt\"><\/div><\/li>\n<li><a href=\"https:\/\/projects.dimes.unical.it\/spine-bok\/2016\/06\/06\/eai-bodynets-2016-dec-2016-turin-italy\/\">EAI Bodynets 2016, Dec. 2016, Turin, Italy<\/a><time datetime=\"2016-06-06T11:57:00+02:00\" class=\"wp-block-latest-posts__post-date\">6 June 2016<\/time><div class=\"wp-block-latest-posts__post-excerpt\"><\/div><\/li>\n<li><a href=\"https:\/\/projects.dimes.unical.it\/spine-bok\/2016\/05\/19\/prof-fortino-is-co-general-chair-of-eai-acm-bodynets-2016-turin-italy-2\/\">Prof. Fortino is Co-general chair of EAI\/ACM BodyNets 2016, Turin, Italy<\/a><time datetime=\"2016-05-19T11:09:00+02:00\" class=\"wp-block-latest-posts__post-date\">19 May 2016<\/time><div class=\"wp-block-latest-posts__post-excerpt\"><\/div><\/li>\n<li><a href=\"https:\/\/projects.dimes.unical.it\/spine-bok\/2016\/02\/15\/eai-acm-bodynets-2017-dalian-china-28-29-sept-2017\/\">EAI\/ACM BodyNets 2017, Dalian, China, 28-29 Sept. 2017<\/a><time datetime=\"2016-02-15T10:46:00+01:00\" class=\"wp-block-latest-posts__post-date\">15 February 2016<\/time><div class=\"wp-block-latest-posts__post-excerpt\"><\/div><\/li>\n<li><a href=\"https:\/\/projects.dimes.unical.it\/spine-bok\/2016\/02\/15\/1st-edition-of-special-session-on-interactive-and-wearable-computing-and-devices-jointly-held-with-ieee-smc-2016-budapest-2016\/\">1st edition of Special Session on \u201cInteractive and Wearable Computing and Devices\u201d jointly held with IEEE SMC 2016, Budapest, 2016<\/a><time datetime=\"2016-02-15T10:41:00+01:00\" class=\"wp-block-latest-posts__post-date\">15 February 2016<\/time><div class=\"wp-block-latest-posts__post-excerpt\"><\/div><\/li>\n<li><a href=\"https:\/\/projects.dimes.unical.it\/spine-bok\/2016\/01\/04\/h2020-inter-iot-project-inter-health-pilot\/\">H2020 INTER-IoT Project: INTER-HEALTH Pilot<\/a><time datetime=\"2016-01-04T10:28:00+01:00\" class=\"wp-block-latest-posts__post-date\">4 January 2016<\/time><div class=\"wp-block-latest-posts__post-excerpt\"><\/div><\/li>\n<li><a href=\"https:\/\/projects.dimes.unical.it\/spine-bok\/2016\/01\/04\/special-issue-on-best-of-bodynets-2014-fortino-g-yang-g-z-2016-ieee-transactions-on-affective-computing-737558364-pp-203-205\/\">Special Issue on Best of Bodynets 2014: Fortino, G., Yang, G.-Z. 2016. IEEE Transactions on Affective Computing, 7(3),7558364, pp. 203-205<\/a><time datetime=\"2016-01-04T10:26:00+01:00\" class=\"wp-block-latest-posts__post-date\">4 January 2016<\/time><div class=\"wp-block-latest-posts__post-excerpt\"><\/div><\/li>\n<li><a href=\"https:\/\/projects.dimes.unical.it\/spine-bok\/2015\/11\/19\/1st-international-workshop-iwcd-interactive-and-wearable-computing-and-devices-2016-ieee-cscwd-2016-nanchang-china\/\">1st International Workshop IWCD (Interactive and Wearable Computing and Devices) 2016 @ IEEE CSCWD 2016, Nanchang, China<\/a><time datetime=\"2015-11-19T10:27:00+01:00\" class=\"wp-block-latest-posts__post-date\">19 November 2015<\/time><div class=\"wp-block-latest-posts__post-excerpt\"><\/div><\/li>\n<li><a href=\"https:\/\/projects.dimes.unical.it\/spine-bok\/2015\/10\/19\/foundation-of-the-ieee-smc-technical-committee-on-interactive-and-wearable-computing-and-devices\/\">Foundation of the IEEE SMC Technical Committee on \u201cInteractive and Wearable Computing and Devices\u201d<\/a><time datetime=\"2015-10-19T10:26:00+02:00\" class=\"wp-block-latest-posts__post-date\">19 October 2015<\/time><div class=\"wp-block-latest-posts__post-excerpt\"><\/div><\/li>\n<li><a href=\"https:\/\/projects.dimes.unical.it\/spine-bok\/2014\/10\/01\/eai-acm-bodynets-2015-sydney-australia\/\">EAI\/ACM BodyNets 2015, Sydney, Australia<\/a><time datetime=\"2014-10-01T10:25:00+02:00\" class=\"wp-block-latest-posts__post-date\">1 October 2014<\/time><div class=\"wp-block-latest-posts__post-excerpt\"><\/div><\/li>\n<li><a href=\"https:\/\/projects.dimes.unical.it\/spine-bok\/2013\/11\/04\/eai-acm-bodynets-2014-london-uk\/\">EAI\/ACM BodyNets 2014, London (UK)<\/a><time datetime=\"2013-11-04T10:24:00+01:00\" class=\"wp-block-latest-posts__post-date\">4 November 2013<\/time><div class=\"wp-block-latest-posts__post-excerpt\"><\/div><\/li>\n<li><a href=\"https:\/\/projects.dimes.unical.it\/spine-bok\/2013\/02\/19\/eai-acm-bodynets-2013-boston-usa\/\">EAI\/ACM BodyNets 2013, Boston, Usa<\/a><time datetime=\"2013-02-19T10:24:00+01:00\" class=\"wp-block-latest-posts__post-date\">19 February 2013<\/time><div class=\"wp-block-latest-posts__post-excerpt\"><\/div><\/li>\n<li><a href=\"https:\/\/projects.dimes.unical.it\/spine-bok\/2013\/01\/19\/smartpms-project-featured-by-the-spine-framework-funded-by-italy-china-joint-cooperation-framework-2\/\">SmartPMS Project featured by the SPINE framework funded by Italy\/China joint cooperation framework<\/a><time datetime=\"2013-01-19T10:20:00+01:00\" class=\"wp-block-latest-posts__post-date\">19 January 2013<\/time><div class=\"wp-block-latest-posts__post-excerpt\">http:\/\/iotlab.dimes.unical.it\/index.html<\/div><\/li>\n<li><a href=\"https:\/\/projects.dimes.unical.it\/spine-bok\/2012\/07\/02\/joint-lab-of-iot-technologies-unical-wuhan-univ-of-technology-tele-health-and-smart-wheelchair-systems-based-on-the-spine-project-2\/\">Joint Lab of IoT Technologies, Unical-Wuhan Univ. of Technology. Tele-health and smart wheelchair systems based on the SPINE project<\/a><time datetime=\"2012-07-02T10:19:00+02:00\" class=\"wp-block-latest-posts__post-date\">2 July 2012<\/time><div class=\"wp-block-latest-posts__post-excerpt\"><\/div><\/li>\n<li><a href=\"https:\/\/projects.dimes.unical.it\/spine-bok\/2011\/05\/02\/wp4-meeting-of-fp7-conet-project-rome-italy-2-may-2011\/\">WP4 Meeting of FP7 CONET Project, Rome (Italy), 2 May 2011<\/a><time datetime=\"2011-05-02T10:18:00+02:00\" class=\"wp-block-latest-posts__post-date\">2 May 2011<\/time><div class=\"wp-block-latest-posts__post-excerpt\"><\/div><\/li>\n<li><a href=\"https:\/\/projects.dimes.unical.it\/spine-bok\/2010\/11\/15\/2nd-year-general-meeting-of-fp7-conet-project-duisburg-germany-15-nov-2010\/\">2nd Year General Meeting of FP7 CONET Project, Duisburg (Germany), 15 Nov 2010.<\/a><time datetime=\"2010-11-15T10:17:00+01:00\" class=\"wp-block-latest-posts__post-date\">15 November 2010<\/time><div class=\"wp-block-latest-posts__post-excerpt\"><\/div><\/li>\n<\/ul>","protected":false},"excerpt":{"rendered":"","protected":false},"author":1,"featured_media":0,"parent":0,"menu_order":0,"comment_status":"closed","ping_status":"closed","template":"","meta":[],"_links":{"self":[{"href":"https:\/\/projects.dimes.unical.it\/spine-bok\/wp-json\/wp\/v2\/pages\/31"}],"collection":[{"href":"https:\/\/projects.dimes.unical.it\/spine-bok\/wp-json\/wp\/v2\/pages"}],"about":[{"href":"https:\/\/projects.dimes.unical.it\/spine-bok\/wp-json\/wp\/v2\/types\/page"}],"author":[{"embeddable":true,"href":"https:\/\/projects.dimes.unical.it\/spine-bok\/wp-json\/wp\/v2\/users\/1"}],"replies":[{"embeddable":true,"href":"https:\/\/projects.dimes.unical.it\/spine-bok\/wp-json\/wp\/v2\/comments?post=31"}],"version-history":[{"count":2,"href":"https:\/\/projects.dimes.unical.it\/spine-bok\/wp-json\/wp\/v2\/pages\/31\/revisions"}],"predecessor-version":[{"id":543,"href":"https:\/\/projects.dimes.unical.it\/spine-bok\/wp-json\/wp\/v2\/pages\/31\/revisions\/543"}],"wp:attachment":[{"href":"https:\/\/projects.dimes.unical.it\/spine-bok\/wp-json\/wp\/v2\/media?parent=31"}],"curies":[{"name":"wp","href":"https:\/\/api.w.org\/{rel}","templated":true}]}}